{"id":34432,"date":"2020-10-07T16:30:26","date_gmt":"2020-10-07T14:30:26","guid":{"rendered":"https:\/\/extebois.fr\/en-extebois-conception-et-fabrication-daires-de-jeux\/"},"modified":"2025-06-17T09:57:07","modified_gmt":"2025-06-17T07:57:07","slug":"en-extebois-conception-et-fabrication-daires-de-jeux","status":"publish","type":"page","link":"https:\/\/extebois.fr\/en\/","title":{"rendered":"Ext\u00e9bois: Design and manufacture of playgrounds equipment"},"content":{"rendered":"\n<h3>\n\t\t\tYOU HAVE A PROJECT ?\t<\/h3>\n\t\t\t<a href=\"https:\/\/extebois.fr\/en\/i-have-a-playground-project\/\" title=\"Click Here\" target=\"_self\"   role=\"button\" aria-label=\"We meet your &lt;span class=&quot;nowrap&quot;&gt;needs !&lt;\/span&gt;\">\n\t\t\t\t\t\t\tWe meet your needs !\n\t\t<\/a>\n<h2>\n\t\t\tThe Ext\u00e9bois universe\t<\/h2>\n\tDiscover playgrounds inspired by children&#8217;s dreams!<br \/>\nClimbing trees, rescuing a princess, hunting for treasure&#8230;<br \/>\nUnique worlds adapted to everybody.\n\t\t\t<a href=\"javascript:void(0)\" title=\"Click Here\" target=\"_self\"  data-modal=  role=\"button\" aria-label=\"OUR PRODUCTS\">\n\t\t\t\t\t\t\tOUR PRODUCTS\n\t\t<\/a>\n\t\t\t\t\t\t\t\t\t<ul id=\"menu-menu-gamme-en\"><li id=\"menu-item-34652\"><a href=\"https:\/\/extebois.fr\/en\/products\/lookout-en\/\">Observatoire<\/a><\/li>\n<li id=\"menu-item-34653\"><a href=\"https:\/\/extebois.fr\/en\/products\/hisseho-en\/\">Hiss\u00e9ho<\/a><\/li>\n<li id=\"menu-item-34654\"><a href=\"https:\/\/extebois.fr\/en\/products\/cityland-en\/\">Cityland<\/a><\/li>\n<li id=\"menu-item-34656\"><a href=\"https:\/\/extebois.fr\/en\/products\/konnecty-en\/\">Konnecty<\/a><\/li>\n<li id=\"menu-item-34657\"><a href=\"https:\/\/extebois.fr\/en\/products\/fisherman-en\/\">P\u00eacherie<\/a><\/li>\n<li id=\"menu-item-34658\"><a href=\"https:\/\/extebois.fr\/en\/products\/trees-en\/\">Arbres<\/a><\/li>\n<li id=\"menu-item-34659\"><a href=\"https:\/\/extebois.fr\/en\/products\/corsair-en\/\">Corsaire<\/a><\/li>\n<li id=\"menu-item-34660\"><a href=\"https:\/\/extebois.fr\/en\/products\/fortress-en\/\">Ch\u00e2teaufort<\/a><\/li>\n<li id=\"menu-item-34661\"><a href=\"https:\/\/extebois.fr\/en\/products\/circus-en\/\">Circus<\/a><\/li>\n<li id=\"menu-item-34662\" aria-haspopup=\"true\"><a href=\"https:\/\/extebois.fr\/en\/products\/infini-en\/\">Infini<\/a>\n<ul>\n\t<li id=\"menu-item-49421\"><a href=\"https:\/\/extebois.fr\/en\/products\/infini-en\/infini-ihpch-0-55m-0-90m-en\/\">Infini IHPCH 0.55m\/0.90m<\/a><\/li>\n\t<li id=\"menu-item-34663\"><a href=\"https:\/\/extebois.fr\/en\/products\/infini-en\/infini-ip-0-90m-en\/\">Infini IP 0.90m<\/a><\/li>\n\t<li id=\"menu-item-34664\"><a href=\"https:\/\/extebois.fr\/en\/products\/infini-en\/infini-ir-1-30m-en\/\">Infini IR 1.30m<\/a><\/li>\n\t<li id=\"menu-item-34665\"><a href=\"https:\/\/extebois.fr\/en\/products\/infini-en\/infini-ic-180-m-en\/\">Infini IC 1,80 m<\/a><\/li>\n\t<li id=\"menu-item-34666\"><a href=\"https:\/\/extebois.fr\/en\/products\/infini-en\/infini-irp-0-90-1-30m-en\/\">Infini IRP 0.90\/1.30m<\/a><\/li>\n\t<li id=\"menu-item-34667\"><a href=\"https:\/\/extebois.fr\/en\/products\/infini-en\/infini-icr-1-30-1-80m-en\/\">Infini ICR 1.30\/1.80m<\/a><\/li>\n\t<li id=\"menu-item-34668\"><a href=\"https:\/\/extebois.fr\/en\/products\/infini-en\/infini-swing-1-30m-en\/\">Infini Swing 1.30m<\/a><\/li>\n\t<li id=\"menu-item-34669\"><a href=\"https:\/\/extebois.fr\/en\/products\/infini-en\/infini-imcr-3-20m-en\/\">Infini IMCR 3.20m<\/a><\/li>\n<\/ul>\n<\/li>\n<li id=\"menu-item-34670\" aria-haspopup=\"true\"><a href=\"https:\/\/extebois.fr\/en\/products\/sunny-en\/\">Sunny<\/a>\n<ul>\n\t<li id=\"menu-item-34671\"><a href=\"https:\/\/extebois.fr\/en\/products\/sunny-en\/sunny-900-en\/\">Sunny 900<\/a><\/li>\n\t<li id=\"menu-item-34672\"><a href=\"https:\/\/extebois.fr\/en\/products\/sunny-en\/sunny-1300-en\/\">Sunny 1300<\/a><\/li>\n\t<li id=\"menu-item-34673\"><a href=\"https:\/\/extebois.fr\/en\/products\/sunny-en\/sunny-13900-en\/\">Sunny 13900<\/a><\/li>\n<\/ul>\n<\/li>\n<li id=\"menu-item-34674\" aria-haspopup=\"true\"><a href=\"https:\/\/extebois.fr\/en\/products\/tiny-tots-en\/\">Tiny tots<\/a>\n<ul>\n\t<li id=\"menu-item-34675\"><a href=\"https:\/\/extebois.fr\/en\/products\/tiny-tots-en\/veggie-patch-en\/\">Potager<\/a><\/li>\n\t<li id=\"menu-item-34676\"><a href=\"https:\/\/extebois.fr\/en\/products\/tiny-tots-en\/mini-tree-en\/\">Mini arbre<\/a><\/li>\n\t<li id=\"menu-item-34677\"><a href=\"https:\/\/extebois.fr\/en\/products\/tiny-tots-en\/mini-fort-en\/\">Mini-fort<\/a><\/li>\n\t<li id=\"menu-item-34678\"><a href=\"https:\/\/extebois.fr\/en\/products\/tiny-tots-en\/safari-en\/\">Safari<\/a><\/li>\n\t<li id=\"menu-item-34679\"><a href=\"https:\/\/extebois.fr\/en\/products\/tiny-tots-en\/ginko-en\/\">Ginko<\/a><\/li>\n\t<li id=\"menu-item-45730\"><a href=\"https:\/\/extebois.fr\/en\/products\/tiny-tots-en\/mini-observatoire-en\/\">Mini Observatoire<\/a><\/li>\n<\/ul>\n<\/li>\n<li id=\"menu-item-34680\" aria-haspopup=\"true\"><a href=\"https:\/\/extebois.fr\/en\/products\/climbing-balance-en\/\">Climbing Balance<\/a>\n<ul>\n\t<li id=\"menu-item-34682\"><a href=\"https:\/\/extebois.fr\/en\/products\/climbing-balance-en\/climbing-en\/\">\u00c9quilibre<\/a><\/li>\n\t<li id=\"menu-item-34683\"><a href=\"https:\/\/extebois.fr\/en\/products\/climbing-balance-en\/agrip-en\/\">Agrip<\/a><\/li>\n\t<li id=\"menu-item-34684\"><a href=\"https:\/\/extebois.fr\/en\/products\/climbing-balance-en\/akrorok-en\/\">Akrorok<\/a><\/li>\n\t<li id=\"menu-item-34686\"><a href=\"https:\/\/extebois.fr\/en\/products\/climbing-balance-en\/pyramids-en\/\">Pyramids<\/a><\/li>\n\t<li id=\"menu-item-45731\"><a href=\"https:\/\/extebois.fr\/en\/products\/climbing-balance-en\/krapahut-en\/\">Krapahut<\/a><\/li>\n\t<li id=\"menu-item-45732\"><a href=\"https:\/\/extebois.fr\/en\/products\/climbing-balance-en\/krapahut-nature-en\/\">Krapahut Nature<\/a><\/li>\n<\/ul>\n<\/li>\n<li id=\"menu-item-34687\" aria-haspopup=\"true\"><a href=\"https:\/\/extebois.fr\/en\/products\/the-classics-en\/\">The Classics<\/a>\n<ul>\n\t<li id=\"menu-item-34688\"><a href=\"https:\/\/extebois.fr\/en\/products\/the-classics-en\/spring-toys-en\/\">Spring toy<\/a><\/li>\n\t<li id=\"menu-item-34694\"><a href=\"https:\/\/extebois.fr\/en\/products\/the-classics-en\/play-houses-en\/\">Play house<\/a><\/li>\n\t<li id=\"menu-item-34692\"><a href=\"https:\/\/extebois.fr\/en\/products\/the-classics-en\/sandpits-en\/\">Sandpit<\/a><\/li>\n\t<li id=\"menu-item-34690\"><a href=\"https:\/\/extebois.fr\/en\/products\/the-classics-en\/play-panels-en\/\">Play panel<\/a><\/li>\n\t<li id=\"menu-item-34695\"><a href=\"https:\/\/extebois.fr\/en\/products\/the-classics-en\/swings-en\/\">Swing<\/a><\/li>\n\t<li id=\"menu-item-34693\"><a href=\"https:\/\/extebois.fr\/en\/products\/the-classics-en\/slides-en\/\">Slide<\/a><\/li>\n\t<li id=\"menu-item-34689\"><a href=\"https:\/\/extebois.fr\/en\/products\/the-classics-en\/ziplines-en\/\">Zipline<\/a><\/li>\n\t<li id=\"menu-item-34691\"><a href=\"https:\/\/extebois.fr\/en\/products\/the-classics-en\/carousels-en\/\">Carousel<\/a><\/li>\n\t<li id=\"menu-item-34696\"><a href=\"https:\/\/extebois.fr\/en\/products\/the-classics-en\/vehicles-en\/\">V\u00e9hicule<\/a><\/li>\n<\/ul>\n<\/li>\n<li id=\"menu-item-34697\" aria-haspopup=\"true\"><a href=\"https:\/\/extebois.fr\/en\/products\/sport-en\/\">Sport<\/a>\n<ul>\n\t<li id=\"menu-item-34699\"><a href=\"https:\/\/extebois.fr\/en\/products\/sport-en\/wooden-mini-courses-en\/\">Mini parcours WOOD<\/a><\/li>\n\t<li id=\"menu-item-34701\"><a href=\"https:\/\/extebois.fr\/en\/products\/sport-en\/metal-mini-course-en\/\">Mini Parcours METAL<\/a><\/li>\n\t<li id=\"menu-item-34698\"><a href=\"https:\/\/extebois.fr\/en\/products\/sport-en\/wooden-fitness-trail-en\/\">Parcours sant\u00e9 WOOD<\/a><\/li>\n\t<li id=\"menu-item-34700\"><a href=\"https:\/\/extebois.fr\/en\/products\/sport-en\/metal-fitness-trail-en\/\">Parcours sant\u00e9 METAL<\/a><\/li>\n\t<li id=\"menu-item-49971\"><a href=\"https:\/\/extebois.fr\/en\/products\/mountain-bike-course\/\">Mountain bike course<\/a><\/li>\n<\/ul>\n<\/li>\n<li id=\"menu-item-34703\" aria-haspopup=\"true\"><a href=\"https:\/\/extebois.fr\/en\/products\/furniture-en\/\">Furniture<\/a>\n<ul>\n\t<li id=\"menu-item-34707\"><a href=\"https:\/\/extebois.fr\/en\/products\/furniture-en\/panels-en\/\">Panels<\/a><\/li>\n\t<li id=\"menu-item-34704\"><a href=\"https:\/\/extebois.fr\/en\/products\/furniture-en\/benches-en\/\">Benches<\/a><\/li>\n\t<li id=\"menu-item-34708\"><a href=\"https:\/\/extebois.fr\/en\/products\/furniture-en\/tables-en\/\">Tables<\/a><\/li>\n\t<li id=\"menu-item-34705\"><a href=\"https:\/\/extebois.fr\/en\/products\/furniture-en\/bins-en\/\">Bins<\/a><\/li>\n\t<li id=\"menu-item-34706\"><a href=\"https:\/\/extebois.fr\/en\/products\/furniture-en\/fences-en\/\">Fences<\/a><\/li>\n<\/ul>\n<\/li>\n<\/ul>\t\t\t\t\t\t\n\t\t<h1>\n\t\t\tExt\u00e9bois designs and manufactures tailor-made playgrounds for each child, perfectly adapted to the needs and environment of the site.\t<\/h1>\n<h2>\n\t\t\tThe creation of tailor-made playgrounds\t<\/h2>\n\tOur design office collaborates with you to create your custom project.<br \/>\nUnique achievements that adhere to standards, technical and environmental considerations. A personalised one-of-a-kind playground that precisely meets your desires.\n\t\t\t<a href=\"https:\/\/extebois.fr\/en\/tailor-made-design\/\" title=\"Click Here\" target=\"_self\"   role=\"button\" aria-label=\"Discover tailor-made solutions\">\n\t\t\t\t\t\t\tDiscover tailor-made solutions\n\t\t<\/a>\n\t\t\t\t<img decoding=\"async\" src=\"https:\/\/extebois.fr\/fr\/wp-content\/uploads\/2020\/10\/ne-ratez-aucune-actualite.png\" alt=\"ne-ratez-aucune-actualite\" itemprop=\"image\" height=\"80\" width=\"87\" title=\"ne-ratez-aucune-actualite\" onerror=\"this.style.display='none'\" loading='lazy' \/>\n<h2>\n\t\t\tDon&#8217;t miss any  news!\t<\/h2>\n\t<p>Receive a quarterly newsletter with information about the company and its achievements. For a more user-friendly email, please enter your full name in addition to your email address.<\/p>\n<h2>\n\t\t\tExt\u00e9bois, a commitment to values\t<\/h2>\n\t\t\t\t<a href=\"https:\/\/extebois.fr\/en\/company-extebois\/quality-and-french-manufacturing\/\"  target=\"_self\" itemprop=\"url\">\n\t\t\t\t<img decoding=\"async\" src=\"https:\/\/extebois.fr\/fr\/wp-content\/uploads\/2020\/12\/savoir-faire-et-fabrication-francaise-bleu.png\" alt=\"savoir-faire-et-fabrication-francaise-bleu\" itemprop=\"image\" height=\"70\" width=\"70\" title=\"savoir-faire-et-fabrication-francaise-bleu\" onerror=\"this.style.display='none'\" loading='lazy' \/>\n\t\t\t\t<\/a>\n\t<p>French know-how and manufacturing<\/p>\n\t\t\t\t<a href=\"https:\/\/extebois.fr\/en\/customisation\/\"  target=\"_self\" itemprop=\"url\">\n\t\t\t\t<img decoding=\"async\" src=\"https:\/\/extebois.fr\/fr\/wp-content\/uploads\/2020\/12\/conception-inclusive-et-sur-mesure-bleu.png\" alt=\"conception-inclusive-et-sur-mesure-bleu\" itemprop=\"image\" height=\"70\" width=\"70\" title=\"conception-inclusive-et-sur-mesure-bleu\" onerror=\"this.style.display='none'\" loading='lazy' \/>\n\t\t\t\t<\/a>\n\t<p>An inclusive and tailor-made design<\/p>\n\t\t\t\t<a href=\"https:\/\/extebois.fr\/en\/company-extebois\/environmental-commitment\/\"  target=\"_self\" itemprop=\"url\">\n\t\t\t\t<img decoding=\"async\" src=\"https:\/\/extebois.fr\/fr\/wp-content\/uploads\/2020\/12\/engagement-environnemental-bleu.png\" alt=\"engagement-environnemental-bleu\" itemprop=\"image\" height=\"70\" width=\"70\" title=\"engagement-environnemental-bleu\" onerror=\"this.style.display='none'\" loading='lazy' \/>\n\t\t\t\t<\/a>\n\t<p>A commitment to the environment<\/p>\n\n","protected":false},"excerpt":{"rendered":"<p>YOU HAVE A PROJECT ? We meet your needs ! The Ext\u00e9bois universe Discover playgrounds inspired by children&#8217;s dreams! Climbing trees, rescuing a princess, hunting for treasure&#8230; Unique worlds adapted to everybody. OUR PRODUCTS Observatoire Hiss\u00e9ho Cityland Konnecty P\u00eacherie Arbres Corsaire Ch\u00e2teaufort Circus Infini Infini IHPCH 0.55m\/0.90m Infini IP 0.90m Infini IR 1.30m Infini IC&hellip;<\/p>\n","protected":false},"author":3,"featured_media":0,"parent":0,"menu_order":0,"comment_status":"closed","ping_status":"closed","template":"","meta":{"footnotes":""},"class_list":["post-34432","page","type-page","status-publish","hentry"],"yoast_head":"<!-- This site is optimized with the Yoast SEO plugin v27.4 - https:\/\/yoast.com\/product\/yoast-seo-wordpress\/ -->\n<title>Ext\u00e9bois: Design and manufacture of playgrounds equipment - EXTEBOIS<\/title>\n<meta name=\"description\" content=\"EXTEBOIS designs and manufactures playgrounds equipment for children. Tailor-made solutions adapted to your needs.\" \/>\n<meta name=\"robots\" content=\"index, follow, max-snippet:-1, max-image-preview:large, max-video-preview:-1\" \/>\n<link rel=\"canonical\" href=\"https:\/\/extebois.fr\/en\/\" \/>\n<meta property=\"og:locale\" content=\"en_US\" \/>\n<meta property=\"og:type\" content=\"article\" \/>\n<meta property=\"og:title\" content=\"Ext\u00e9bois: Design and manufacture of playgrounds equipment - EXTEBOIS\" \/>\n<meta property=\"og:description\" content=\"EXTEBOIS designs and manufactures playgrounds equipment for children. Tailor-made solutions adapted to your needs.\" \/>\n<meta property=\"og:url\" content=\"https:\/\/extebois.fr\/en\/\" \/>\n<meta property=\"og:site_name\" content=\"EXTEBOIS\" \/>\n<meta property=\"article:modified_time\" content=\"2025-06-17T07:57:07+00:00\" \/>\n<meta property=\"og:image\" content=\"https:\/\/extebois.fr\/fr\/wp-content\/uploads\/2020\/10\/ne-ratez-aucune-actualite.png\" \/>\n<meta name=\"twitter:card\" content=\"summary_large_image\" \/>\n<script type=\"application\/ld+json\" class=\"yoast-schema-graph\">{\"@context\":\"https:\\\/\\\/schema.org\",\"@graph\":[{\"@type\":\"WebPage\",\"@id\":\"https:\\\/\\\/extebois.fr\\\/en\\\/\",\"url\":\"https:\\\/\\\/extebois.fr\\\/en\\\/\",\"name\":\"Ext\u00e9bois: Design and manufacture of playgrounds equipment - EXTEBOIS\",\"isPartOf\":{\"@id\":\"https:\\\/\\\/extebois.fr\\\/en\\\/#website\"},\"primaryImageOfPage\":{\"@id\":\"https:\\\/\\\/extebois.fr\\\/en\\\/#primaryimage\"},\"image\":{\"@id\":\"https:\\\/\\\/extebois.fr\\\/en\\\/#primaryimage\"},\"thumbnailUrl\":\"https:\\\/\\\/extebois.fr\\\/fr\\\/wp-content\\\/uploads\\\/2020\\\/10\\\/ne-ratez-aucune-actualite.png\",\"datePublished\":\"2020-10-07T14:30:26+00:00\",\"dateModified\":\"2025-06-17T07:57:07+00:00\",\"description\":\"EXTEBOIS designs and manufactures playgrounds equipment for children. Tailor-made solutions adapted to your needs.\",\"breadcrumb\":{\"@id\":\"https:\\\/\\\/extebois.fr\\\/en\\\/#breadcrumb\"},\"inLanguage\":\"en-US\",\"potentialAction\":[{\"@type\":\"ReadAction\",\"target\":[\"https:\\\/\\\/extebois.fr\\\/en\\\/\"]}]},{\"@type\":\"ImageObject\",\"inLanguage\":\"en-US\",\"@id\":\"https:\\\/\\\/extebois.fr\\\/en\\\/#primaryimage\",\"url\":\"https:\\\/\\\/extebois.fr\\\/fr\\\/wp-content\\\/uploads\\\/2020\\\/10\\\/ne-ratez-aucune-actualite.png\",\"contentUrl\":\"https:\\\/\\\/extebois.fr\\\/fr\\\/wp-content\\\/uploads\\\/2020\\\/10\\\/ne-ratez-aucune-actualite.png\"},{\"@type\":\"BreadcrumbList\",\"@id\":\"https:\\\/\\\/extebois.fr\\\/en\\\/#breadcrumb\",\"itemListElement\":[{\"@type\":\"ListItem\",\"position\":1,\"name\":\"Home\",\"item\":\"https:\\\/\\\/extebois.fr\\\/en\\\/\"},{\"@type\":\"ListItem\",\"position\":2,\"name\":\"Ext\u00e9bois: Design and manufacture of playgrounds equipment\"}]},{\"@type\":\"WebSite\",\"@id\":\"https:\\\/\\\/extebois.fr\\\/en\\\/#website\",\"url\":\"https:\\\/\\\/extebois.fr\\\/en\\\/\",\"name\":\"EXTEBOIS\",\"description\":\"Cr\u00e9ateur d&#039;\u00e9quipements ludiques et sportifs\",\"publisher\":{\"@id\":\"https:\\\/\\\/extebois.fr\\\/en\\\/#organization\"},\"potentialAction\":[{\"@type\":\"SearchAction\",\"target\":{\"@type\":\"EntryPoint\",\"urlTemplate\":\"https:\\\/\\\/extebois.fr\\\/en\\\/?s={search_term_string}\"},\"query-input\":{\"@type\":\"PropertyValueSpecification\",\"valueRequired\":true,\"valueName\":\"search_term_string\"}}],\"inLanguage\":\"en-US\"},{\"@type\":\"Organization\",\"@id\":\"https:\\\/\\\/extebois.fr\\\/en\\\/#organization\",\"name\":\"Ext\u00e9bois\",\"url\":\"https:\\\/\\\/extebois.fr\\\/en\\\/\",\"logo\":{\"@type\":\"ImageObject\",\"inLanguage\":\"en-US\",\"@id\":\"https:\\\/\\\/extebois.fr\\\/en\\\/#\\\/schema\\\/logo\\\/image\\\/\",\"url\":\"https:\\\/\\\/extebois.fr\\\/fr\\\/wp-content\\\/uploads\\\/2020\\\/10\\\/extebois-logo-gris.png\",\"contentUrl\":\"https:\\\/\\\/extebois.fr\\\/fr\\\/wp-content\\\/uploads\\\/2020\\\/10\\\/extebois-logo-gris.png\",\"width\":189,\"height\":52,\"caption\":\"Ext\u00e9bois\"},\"image\":{\"@id\":\"https:\\\/\\\/extebois.fr\\\/en\\\/#\\\/schema\\\/logo\\\/image\\\/\"}}]}<\/script>\n<!-- \/ Yoast SEO plugin. -->","yoast_head_json":{"title":"Ext\u00e9bois: Design and manufacture of playgrounds equipment - EXTEBOIS","description":"EXTEBOIS designs and manufactures playgrounds equipment for children. Tailor-made solutions adapted to your needs.","robots":{"index":"index","follow":"follow","max-snippet":"max-snippet:-1","max-image-preview":"max-image-preview:large","max-video-preview":"max-video-preview:-1"},"canonical":"https:\/\/extebois.fr\/en\/","og_locale":"en_US","og_type":"article","og_title":"Ext\u00e9bois: Design and manufacture of playgrounds equipment - EXTEBOIS","og_description":"EXTEBOIS designs and manufactures playgrounds equipment for children. Tailor-made solutions adapted to your needs.","og_url":"https:\/\/extebois.fr\/en\/","og_site_name":"EXTEBOIS","article_modified_time":"2025-06-17T07:57:07+00:00","og_image":[{"url":"https:\/\/extebois.fr\/fr\/wp-content\/uploads\/2020\/10\/ne-ratez-aucune-actualite.png","type":"","width":"","height":""}],"twitter_card":"summary_large_image","schema":{"@context":"https:\/\/schema.org","@graph":[{"@type":"WebPage","@id":"https:\/\/extebois.fr\/en\/","url":"https:\/\/extebois.fr\/en\/","name":"Ext\u00e9bois: Design and manufacture of playgrounds equipment - EXTEBOIS","isPartOf":{"@id":"https:\/\/extebois.fr\/en\/#website"},"primaryImageOfPage":{"@id":"https:\/\/extebois.fr\/en\/#primaryimage"},"image":{"@id":"https:\/\/extebois.fr\/en\/#primaryimage"},"thumbnailUrl":"https:\/\/extebois.fr\/fr\/wp-content\/uploads\/2020\/10\/ne-ratez-aucune-actualite.png","datePublished":"2020-10-07T14:30:26+00:00","dateModified":"2025-06-17T07:57:07+00:00","description":"EXTEBOIS designs and manufactures playgrounds equipment for children. Tailor-made solutions adapted to your needs.","breadcrumb":{"@id":"https:\/\/extebois.fr\/en\/#breadcrumb"},"inLanguage":"en-US","potentialAction":[{"@type":"ReadAction","target":["https:\/\/extebois.fr\/en\/"]}]},{"@type":"ImageObject","inLanguage":"en-US","@id":"https:\/\/extebois.fr\/en\/#primaryimage","url":"https:\/\/extebois.fr\/fr\/wp-content\/uploads\/2020\/10\/ne-ratez-aucune-actualite.png","contentUrl":"https:\/\/extebois.fr\/fr\/wp-content\/uploads\/2020\/10\/ne-ratez-aucune-actualite.png"},{"@type":"BreadcrumbList","@id":"https:\/\/extebois.fr\/en\/#breadcrumb","itemListElement":[{"@type":"ListItem","position":1,"name":"Home","item":"https:\/\/extebois.fr\/en\/"},{"@type":"ListItem","position":2,"name":"Ext\u00e9bois: Design and manufacture of playgrounds equipment"}]},{"@type":"WebSite","@id":"https:\/\/extebois.fr\/en\/#website","url":"https:\/\/extebois.fr\/en\/","name":"EXTEBOIS","description":"Cr\u00e9ateur d&#039;\u00e9quipements ludiques et sportifs","publisher":{"@id":"https:\/\/extebois.fr\/en\/#organization"},"potentialAction":[{"@type":"SearchAction","target":{"@type":"EntryPoint","urlTemplate":"https:\/\/extebois.fr\/en\/?s={search_term_string}"},"query-input":{"@type":"PropertyValueSpecification","valueRequired":true,"valueName":"search_term_string"}}],"inLanguage":"en-US"},{"@type":"Organization","@id":"https:\/\/extebois.fr\/en\/#organization","name":"Ext\u00e9bois","url":"https:\/\/extebois.fr\/en\/","logo":{"@type":"ImageObject","inLanguage":"en-US","@id":"https:\/\/extebois.fr\/en\/#\/schema\/logo\/image\/","url":"https:\/\/extebois.fr\/fr\/wp-content\/uploads\/2020\/10\/extebois-logo-gris.png","contentUrl":"https:\/\/extebois.fr\/fr\/wp-content\/uploads\/2020\/10\/extebois-logo-gris.png","width":189,"height":52,"caption":"Ext\u00e9bois"},"image":{"@id":"https:\/\/extebois.fr\/en\/#\/schema\/logo\/image\/"}}]}},"_links":{"self":[{"href":"https:\/\/extebois.fr\/en\/wp-json\/wp\/v2\/pages\/34432","targetHints":{"allow":["GET"]}}],"collection":[{"href":"https:\/\/extebois.fr\/en\/wp-json\/wp\/v2\/pages"}],"about":[{"href":"https:\/\/extebois.fr\/en\/wp-json\/wp\/v2\/types\/page"}],"author":[{"embeddable":true,"href":"https:\/\/extebois.fr\/en\/wp-json\/wp\/v2\/users\/3"}],"replies":[{"embeddable":true,"href":"https:\/\/extebois.fr\/en\/wp-json\/wp\/v2\/comments?post=34432"}],"version-history":[{"count":2,"href":"https:\/\/extebois.fr\/en\/wp-json\/wp\/v2\/pages\/34432\/revisions"}],"predecessor-version":[{"id":61677,"href":"https:\/\/extebois.fr\/en\/wp-json\/wp\/v2\/pages\/34432\/revisions\/61677"}],"wp:attachment":[{"href":"https:\/\/extebois.fr\/en\/wp-json\/wp\/v2\/media?parent=34432"}],"curies":[{"name":"wp","href":"https:\/\/api.w.org\/{rel}","templated":true}]}}