{"id":34624,"date":"2020-10-07T16:48:08","date_gmt":"2020-10-07T14:48:08","guid":{"rendered":"https:\/\/extebois.fr\/customisation\/"},"modified":"2025-02-13T13:37:42","modified_gmt":"2025-02-13T12:37:42","slug":"customisation","status":"publish","type":"page","link":"https:\/\/extebois.fr\/en\/customisation\/","title":{"rendered":"Customisation"},"content":{"rendered":"\n<h1>\n\t\tTHE PERSONALISATION OF YOUR PLAYGROUND\n\t<\/h1>\n\t<h3>Ext\u00e9bois will help you to create<br \/>\nthe play structure that suits you !<\/h3>\n\tWith the help of the EXT\u00c9BOIS design office, create your own play structure!<br \/>\nExpress your desires, EXT\u00c9BOIS builds the product corresponding to your wishes in terms of dimensions, number of users, play functions, materials, colours, budget&#8230; while complying with the EN1176 standard.\n<h2>\n\t\t1. CHOOSE YOUR PLAY FEATURES\n\t<\/h2>\n\t\t\t\t<img loading=\"lazy\" decoding=\"async\" src=\"https:\/\/extebois.fr\/fr\/wp-content\/uploads\/2024\/10\/PECH.PCH2000S-BvBl-Vue-montage-Catalogue-scaled.jpg\" alt=\"PECH.PCH2000S BvBl Vue montage Catalogue\" itemprop=\"image\" height=\"1440\" width=\"2560\" title=\"PECH.PCH2000S BvBl Vue montage Catalogue\" onerror=\"this.style.display='none'\"  \/>\n<h2>\n\t\t2. CHOOSE YOUR MATERIALS\n\t<\/h2>\n\t\t\t\t<img loading=\"lazy\" decoding=\"async\" src=\"https:\/\/extebois.fr\/fr\/wp-content\/uploads\/2024\/10\/poteau-bois-retouche-1.jpg\" alt=\"poteau bois retouch\u00e9\" itemprop=\"image\" height=\"749\" width=\"500\" title=\"poteau bois retouch\u00e9\" onerror=\"this.style.display='none'\"  \/>\n<h3>\n\t\tWood\n\t<\/h3>\n\t\t\t\t<img loading=\"lazy\" decoding=\"async\" src=\"https:\/\/extebois.fr\/fr\/wp-content\/uploads\/2024\/10\/Poteau-ALU-GRIS-retouche-1.jpg\" alt=\"Poteau ALU GRIS retouch\u00e9\" itemprop=\"image\" height=\"747\" width=\"500\" title=\"Poteau ALU GRIS retouch\u00e9\" onerror=\"this.style.display='none'\"  \/>\n<h3>\n\t\tGrey metal\n\t<\/h3>\n\t\t\t\t<img loading=\"lazy\" decoding=\"async\" src=\"https:\/\/extebois.fr\/fr\/wp-content\/uploads\/2024\/10\/Poteau-ALU-BEIGE-retouche-3.jpg\" alt=\"Poteau ALU BEIGE retouch\u00e9\" itemprop=\"image\" height=\"796\" width=\"500\" title=\"Poteau ALU BEIGE retouch\u00e9\" onerror=\"this.style.display='none'\"  \/>\n<h3>\n\t\tBeige metal\n\t<\/h3>\n<h2>\n\t\t3. CHOOSE FROM 15 COLOURS\n\t<\/h2>\n\t<p>All these colours allow you to create your own universe for the children, make yourself happy !<\/p>\n\t\t\t\t<img loading=\"lazy\" decoding=\"async\" src=\"https:\/\/extebois.fr\/fr\/wp-content\/uploads\/2024\/10\/Capture.png\" alt=\"Capture\" itemprop=\"image\" height=\"387\" width=\"634\" title=\"Capture\" onerror=\"this.style.display='none'\"  \/>\n<h2>\n\t\t4. CHOOSE YOUR SLIDE\n\t<\/h2>\n\t\t\t\t<img loading=\"lazy\" decoding=\"async\" src=\"https:\/\/extebois.fr\/fr\/wp-content\/uploads\/2025\/02\/TOB-Y-2-scaled.jpg\" alt=\"TOB Y\" itemprop=\"image\" height=\"1440\" width=\"2560\" title=\"TOB Y\" onerror=\"this.style.display='none'\"  \/>\n<h3>\n\t\tPolyester\n\t<\/h3>\n\t\t\t\t<img loading=\"lazy\" decoding=\"async\" src=\"https:\/\/extebois.fr\/fr\/wp-content\/uploads\/2024\/10\/TOB-INOX-scaled.jpg\" alt=\"TOB INOX\" itemprop=\"image\" height=\"1440\" width=\"2560\" title=\"TOB INOX\" onerror=\"this.style.display='none'\"  \/>\n<h3>\n\t\tstainless-steel\n\t<\/h3>\n\t\t\t\t<img loading=\"lazy\" decoding=\"async\" src=\"https:\/\/extebois.fr\/fr\/wp-content\/uploads\/2024\/10\/TOB-TUB-1-scaled.jpg\" alt=\"TOB TUB\" itemprop=\"image\" height=\"1440\" width=\"2560\" title=\"TOB TUB\" onerror=\"this.style.display='none'\"  \/>\n<h3>\n\t\tPOLYETHYLENE TUBE\n\t<\/h3>\n<h2>\n\t\tAND HERE IS THE RESULT :\n\t<\/h2>\n\t\t\t\t<img loading=\"lazy\" decoding=\"async\" src=\"https:\/\/extebois.fr\/fr\/wp-content\/uploads\/2024\/10\/20220928_132010.jpg\" alt=\"20220928_132010\" itemprop=\"image\" height=\"1152\" width=\"2560\" title=\"20220928_132010\" onerror=\"this.style.display='none'\"  \/>\n<h2>\n\t\tExt\u00e9bois, a commitment to values\n\t<\/h2>\n\t\t\t\t<a href=\"https:\/\/extebois.fr\/en\/company-extebois\/quality-and-french-manufacturing\/\"  target=\"_self\" itemprop=\"url\">\n\t\t\t\t<img loading=\"lazy\" decoding=\"async\" src=\"https:\/\/extebois.fr\/fr\/wp-content\/uploads\/2020\/12\/savoir-faire-et-fabrication-francaise-bleu.png\" alt=\"savoir-faire-et-fabrication-francaise-bleu\" itemprop=\"image\" height=\"70\" width=\"70\" title=\"savoir-faire-et-fabrication-francaise-bleu\" onerror=\"this.style.display='none'\"  \/>\n\t\t\t\t<\/a>\n\t<p>French know-how and manufacturing<\/p>\n\t\t\t\t<a href=\"https:\/\/extebois.fr\/en\/customisation\/\"  target=\"_self\" itemprop=\"url\">\n\t\t\t\t<img loading=\"lazy\" decoding=\"async\" src=\"https:\/\/extebois.fr\/fr\/wp-content\/uploads\/2020\/12\/conception-inclusive-et-sur-mesure-bleu.png\" alt=\"conception-inclusive-et-sur-mesure-bleu\" itemprop=\"image\" height=\"70\" width=\"70\" title=\"conception-inclusive-et-sur-mesure-bleu\" onerror=\"this.style.display='none'\"  \/>\n\t\t\t\t<\/a>\n\t<p>An inclusive and tailor-made design<\/p>\n\t\t\t\t<a href=\"https:\/\/extebois.frl-entreprise-extebois\/l-engagement-environnemental\/\"  target=\"_self\" itemprop=\"url\">\n\t\t\t\t<img loading=\"lazy\" decoding=\"async\" src=\"https:\/\/extebois.fr\/fr\/wp-content\/uploads\/2020\/12\/engagement-environnemental-bleu.png\" alt=\"engagement-environnemental-bleu\" itemprop=\"image\" height=\"70\" width=\"70\" title=\"engagement-environnemental-bleu\" onerror=\"this.style.display='none'\"  \/>\n\t\t\t\t<\/a>\n\t<p>A commitment to the environment<\/p>\n\n","protected":false},"excerpt":{"rendered":"<p>THE PERSONALISATION OF YOUR PLAYGROUND Ext\u00e9bois will help you to create the play structure that suits you ! With the help of the EXT\u00c9BOIS design office, create your own play structure! Express your desires, EXT\u00c9BOIS builds the product corresponding to your wishes in terms of dimensions, number of users, play functions, materials, colours, budget&#8230; while&hellip;<\/p>\n","protected":false},"author":3,"featured_media":0,"parent":0,"menu_order":0,"comment_status":"closed","ping_status":"closed","template":"","meta":{"footnotes":""},"class_list":["post-34624","page","type-page","status-publish","hentry"],"yoast_head":"<!-- This site is optimized with the Yoast SEO plugin v27.4 - https:\/\/yoast.com\/product\/yoast-seo-wordpress\/ -->\n<title>Customisation - EXTEBOIS<\/title>\n<meta name=\"description\" content=\"With EXT\u00c9BOIS, enjoy a unique, customized, and tailor-made playground. With our design department, bring your desires to life.\" \/>\n<meta name=\"robots\" content=\"index, follow, max-snippet:-1, max-image-preview:large, max-video-preview:-1\" \/>\n<link rel=\"canonical\" href=\"https:\/\/extebois.fr\/en\/customisation\/\" \/>\n<meta property=\"og:locale\" content=\"en_US\" \/>\n<meta property=\"og:type\" content=\"article\" \/>\n<meta property=\"og:title\" content=\"Customisation - EXTEBOIS\" \/>\n<meta property=\"og:description\" content=\"With EXT\u00c9BOIS, enjoy a unique, customized, and tailor-made playground. With our design department, bring your desires to life.\" \/>\n<meta property=\"og:url\" content=\"https:\/\/extebois.fr\/en\/customisation\/\" \/>\n<meta property=\"og:site_name\" content=\"EXTEBOIS\" \/>\n<meta property=\"article:modified_time\" content=\"2025-02-13T12:37:42+00:00\" \/>\n<meta property=\"og:image\" content=\"https:\/\/extebois.fr\/fr\/wp-content\/uploads\/2024\/10\/PECH.PCH2000S-BvBl-Vue-montage-Catalogue-scaled.jpg\" \/>\n<meta name=\"twitter:card\" content=\"summary_large_image\" \/>\n<meta name=\"twitter:label1\" content=\"Est. reading time\" \/>\n\t<meta name=\"twitter:data1\" content=\"1 minute\" \/>\n<script type=\"application\/ld+json\" class=\"yoast-schema-graph\">{\"@context\":\"https:\\\/\\\/schema.org\",\"@graph\":[{\"@type\":\"WebPage\",\"@id\":\"https:\\\/\\\/extebois.fr\\\/en\\\/customisation\\\/\",\"url\":\"https:\\\/\\\/extebois.fr\\\/en\\\/customisation\\\/\",\"name\":\"Customisation - EXTEBOIS\",\"isPartOf\":{\"@id\":\"https:\\\/\\\/extebois.fr\\\/en\\\/#website\"},\"primaryImageOfPage\":{\"@id\":\"https:\\\/\\\/extebois.fr\\\/en\\\/customisation\\\/#primaryimage\"},\"image\":{\"@id\":\"https:\\\/\\\/extebois.fr\\\/en\\\/customisation\\\/#primaryimage\"},\"thumbnailUrl\":\"https:\\\/\\\/extebois.fr\\\/fr\\\/wp-content\\\/uploads\\\/2024\\\/10\\\/PECH.PCH2000S-BvBl-Vue-montage-Catalogue-scaled.jpg\",\"datePublished\":\"2020-10-07T14:48:08+00:00\",\"dateModified\":\"2025-02-13T12:37:42+00:00\",\"description\":\"With EXT\u00c9BOIS, enjoy a unique, customized, and tailor-made playground. With our design department, bring your desires to life.\",\"breadcrumb\":{\"@id\":\"https:\\\/\\\/extebois.fr\\\/en\\\/customisation\\\/#breadcrumb\"},\"inLanguage\":\"en-US\",\"potentialAction\":[{\"@type\":\"ReadAction\",\"target\":[\"https:\\\/\\\/extebois.fr\\\/en\\\/customisation\\\/\"]}]},{\"@type\":\"ImageObject\",\"inLanguage\":\"en-US\",\"@id\":\"https:\\\/\\\/extebois.fr\\\/en\\\/customisation\\\/#primaryimage\",\"url\":\"https:\\\/\\\/extebois.fr\\\/fr\\\/wp-content\\\/uploads\\\/2024\\\/10\\\/PECH.PCH2000S-BvBl-Vue-montage-Catalogue-scaled.jpg\",\"contentUrl\":\"https:\\\/\\\/extebois.fr\\\/fr\\\/wp-content\\\/uploads\\\/2024\\\/10\\\/PECH.PCH2000S-BvBl-Vue-montage-Catalogue-scaled.jpg\"},{\"@type\":\"BreadcrumbList\",\"@id\":\"https:\\\/\\\/extebois.fr\\\/en\\\/customisation\\\/#breadcrumb\",\"itemListElement\":[{\"@type\":\"ListItem\",\"position\":1,\"name\":\"Home\",\"item\":\"https:\\\/\\\/extebois.fr\\\/en\\\/\"},{\"@type\":\"ListItem\",\"position\":2,\"name\":\"Customisation\"}]},{\"@type\":\"WebSite\",\"@id\":\"https:\\\/\\\/extebois.fr\\\/en\\\/#website\",\"url\":\"https:\\\/\\\/extebois.fr\\\/en\\\/\",\"name\":\"EXTEBOIS\",\"description\":\"Cr\u00e9ateur d&#039;\u00e9quipements ludiques et sportifs\",\"publisher\":{\"@id\":\"https:\\\/\\\/extebois.fr\\\/en\\\/#organization\"},\"potentialAction\":[{\"@type\":\"SearchAction\",\"target\":{\"@type\":\"EntryPoint\",\"urlTemplate\":\"https:\\\/\\\/extebois.fr\\\/en\\\/?s={search_term_string}\"},\"query-input\":{\"@type\":\"PropertyValueSpecification\",\"valueRequired\":true,\"valueName\":\"search_term_string\"}}],\"inLanguage\":\"en-US\"},{\"@type\":\"Organization\",\"@id\":\"https:\\\/\\\/extebois.fr\\\/en\\\/#organization\",\"name\":\"Ext\u00e9bois\",\"url\":\"https:\\\/\\\/extebois.fr\\\/en\\\/\",\"logo\":{\"@type\":\"ImageObject\",\"inLanguage\":\"en-US\",\"@id\":\"https:\\\/\\\/extebois.fr\\\/en\\\/#\\\/schema\\\/logo\\\/image\\\/\",\"url\":\"https:\\\/\\\/extebois.fr\\\/fr\\\/wp-content\\\/uploads\\\/2020\\\/10\\\/extebois-logo-gris.png\",\"contentUrl\":\"https:\\\/\\\/extebois.fr\\\/fr\\\/wp-content\\\/uploads\\\/2020\\\/10\\\/extebois-logo-gris.png\",\"width\":189,\"height\":52,\"caption\":\"Ext\u00e9bois\"},\"image\":{\"@id\":\"https:\\\/\\\/extebois.fr\\\/en\\\/#\\\/schema\\\/logo\\\/image\\\/\"}}]}<\/script>\n<!-- \/ Yoast SEO plugin. -->","yoast_head_json":{"title":"Customisation - EXTEBOIS","description":"With EXT\u00c9BOIS, enjoy a unique, customized, and tailor-made playground. With our design department, bring your desires to life.","robots":{"index":"index","follow":"follow","max-snippet":"max-snippet:-1","max-image-preview":"max-image-preview:large","max-video-preview":"max-video-preview:-1"},"canonical":"https:\/\/extebois.fr\/en\/customisation\/","og_locale":"en_US","og_type":"article","og_title":"Customisation - EXTEBOIS","og_description":"With EXT\u00c9BOIS, enjoy a unique, customized, and tailor-made playground. With our design department, bring your desires to life.","og_url":"https:\/\/extebois.fr\/en\/customisation\/","og_site_name":"EXTEBOIS","article_modified_time":"2025-02-13T12:37:42+00:00","og_image":[{"url":"https:\/\/extebois.fr\/fr\/wp-content\/uploads\/2024\/10\/PECH.PCH2000S-BvBl-Vue-montage-Catalogue-scaled.jpg","type":"","width":"","height":""}],"twitter_card":"summary_large_image","twitter_misc":{"Est. reading time":"1 minute"},"schema":{"@context":"https:\/\/schema.org","@graph":[{"@type":"WebPage","@id":"https:\/\/extebois.fr\/en\/customisation\/","url":"https:\/\/extebois.fr\/en\/customisation\/","name":"Customisation - EXTEBOIS","isPartOf":{"@id":"https:\/\/extebois.fr\/en\/#website"},"primaryImageOfPage":{"@id":"https:\/\/extebois.fr\/en\/customisation\/#primaryimage"},"image":{"@id":"https:\/\/extebois.fr\/en\/customisation\/#primaryimage"},"thumbnailUrl":"https:\/\/extebois.fr\/fr\/wp-content\/uploads\/2024\/10\/PECH.PCH2000S-BvBl-Vue-montage-Catalogue-scaled.jpg","datePublished":"2020-10-07T14:48:08+00:00","dateModified":"2025-02-13T12:37:42+00:00","description":"With EXT\u00c9BOIS, enjoy a unique, customized, and tailor-made playground. With our design department, bring your desires to life.","breadcrumb":{"@id":"https:\/\/extebois.fr\/en\/customisation\/#breadcrumb"},"inLanguage":"en-US","potentialAction":[{"@type":"ReadAction","target":["https:\/\/extebois.fr\/en\/customisation\/"]}]},{"@type":"ImageObject","inLanguage":"en-US","@id":"https:\/\/extebois.fr\/en\/customisation\/#primaryimage","url":"https:\/\/extebois.fr\/fr\/wp-content\/uploads\/2024\/10\/PECH.PCH2000S-BvBl-Vue-montage-Catalogue-scaled.jpg","contentUrl":"https:\/\/extebois.fr\/fr\/wp-content\/uploads\/2024\/10\/PECH.PCH2000S-BvBl-Vue-montage-Catalogue-scaled.jpg"},{"@type":"BreadcrumbList","@id":"https:\/\/extebois.fr\/en\/customisation\/#breadcrumb","itemListElement":[{"@type":"ListItem","position":1,"name":"Home","item":"https:\/\/extebois.fr\/en\/"},{"@type":"ListItem","position":2,"name":"Customisation"}]},{"@type":"WebSite","@id":"https:\/\/extebois.fr\/en\/#website","url":"https:\/\/extebois.fr\/en\/","name":"EXTEBOIS","description":"Cr\u00e9ateur d&#039;\u00e9quipements ludiques et sportifs","publisher":{"@id":"https:\/\/extebois.fr\/en\/#organization"},"potentialAction":[{"@type":"SearchAction","target":{"@type":"EntryPoint","urlTemplate":"https:\/\/extebois.fr\/en\/?s={search_term_string}"},"query-input":{"@type":"PropertyValueSpecification","valueRequired":true,"valueName":"search_term_string"}}],"inLanguage":"en-US"},{"@type":"Organization","@id":"https:\/\/extebois.fr\/en\/#organization","name":"Ext\u00e9bois","url":"https:\/\/extebois.fr\/en\/","logo":{"@type":"ImageObject","inLanguage":"en-US","@id":"https:\/\/extebois.fr\/en\/#\/schema\/logo\/image\/","url":"https:\/\/extebois.fr\/fr\/wp-content\/uploads\/2020\/10\/extebois-logo-gris.png","contentUrl":"https:\/\/extebois.fr\/fr\/wp-content\/uploads\/2020\/10\/extebois-logo-gris.png","width":189,"height":52,"caption":"Ext\u00e9bois"},"image":{"@id":"https:\/\/extebois.fr\/en\/#\/schema\/logo\/image\/"}}]}},"_links":{"self":[{"href":"https:\/\/extebois.fr\/en\/wp-json\/wp\/v2\/pages\/34624","targetHints":{"allow":["GET"]}}],"collection":[{"href":"https:\/\/extebois.fr\/en\/wp-json\/wp\/v2\/pages"}],"about":[{"href":"https:\/\/extebois.fr\/en\/wp-json\/wp\/v2\/types\/page"}],"author":[{"embeddable":true,"href":"https:\/\/extebois.fr\/en\/wp-json\/wp\/v2\/users\/3"}],"replies":[{"embeddable":true,"href":"https:\/\/extebois.fr\/en\/wp-json\/wp\/v2\/comments?post=34624"}],"version-history":[{"count":0,"href":"https:\/\/extebois.fr\/en\/wp-json\/wp\/v2\/pages\/34624\/revisions"}],"wp:attachment":[{"href":"https:\/\/extebois.fr\/en\/wp-json\/wp\/v2\/media?parent=34624"}],"curies":[{"name":"wp","href":"https:\/\/api.w.org\/{rel}","templated":true}]}}